{"id":671,"date":"2023-05-11T21:18:49","date_gmt":"2023-05-11T19:18:49","guid":{"rendered":"https:\/\/fungiextractbank.com\/en\/?page_id=671"},"modified":"2024-01-11T09:11:28","modified_gmt":"2024-01-11T08:11:28","slug":"publications-and-projects","status":"publish","type":"page","link":"https:\/\/fungiextractbank.com\/en\/publications-and-projects\/","title":{"rendered":"Publications and projects"},"content":{"rendered":"<h5>PUBLICATIONS<\/h5>\n<p>Ra\u0161eta M., Mi\u0161kovi\u0107 J., \u010capelja E., <strong>Zapora E<\/strong>, Petrovi\u0107 Fabijan A., Kne\u017eevi\u0107 P., Karaman M. (2023) Do <em>Ganoderma<\/em> Species Represent Novel Sources of Phenolic Based Antimicrobial Agents? <em>Molecules<\/em> 2023, <em>28<\/em>, 3264. <a href=\"https:\/\/www.mdpi.com\/1420-3049\/28\/7\/3264\" target=\"_blank\" rel=\"noopener\">DOI:10.3390\/molecules28073264<\/a><\/p>\n<p>Sadowska A, Sawicka D, Godlewska K,\u00a0 Guzi\u0144ska\u2011Ustymowicz K, <strong>Zapora E,<\/strong> Soko\u0142owska E, Car H (2023) Beneficial Proapoptotic Effect of Heterobasidion Annosum Extract in Colorectal Cancer Xenograft Mouse Model. Molecules 28(3). <a href=\"https:\/\/www.mdpi.com\/1420-3049\/28\/3\/1352\" target=\"_blank\" rel=\"noopener\">DOI:10.3390\/molecules28031352<\/a>.<\/p>\n<p>Waszczuk U, <strong>Zapora E<\/strong>, Berezovska D, <strong>Stocki M<\/strong>, <strong>Wo\u0142kowycki M<\/strong>, Malewski T, Hsiang T, Oszako T, Borowik P (2022) Use of Secondary Metabolites of Wood-Decaying Fungi to Reduce Damping off Disease. Forests 13(8):1208. <a href=\"https:\/\/www.mdpi.com\/1999-4907\/13\/8\/1208\" target=\"_blank\" rel=\"noopener\">DOI:10.3390\/f13081208<\/a>.<\/p>\n<p>Koz\u0142owska M, Mu\u0142enko W, <strong>Wo\u0142kowycki M<\/strong> (2022) The Fungal Biota of the Bia\u0142owie\u017ca Primeval Forest. An Annotated Catalogue of Microfungi and Larger Ascomycota. Maria Curie-Sklodowska University Press <a href=\"https:\/\/wydawnictwo.umcs.eu\/zapowiedzi\/399\/the-fungal-biota-of-the-bialowieza-primeval-forest-an-annotated-catalogue-of-microfungi-and-larger-ascomycota--monika-kozlowska-wieslaw-mulenko-marek-wolkowycki\" target=\"_blank\" rel=\"noopener\">ISBN: 978-83-227-9662-7<\/a>.<\/p>\n<p><strong>Wo\u0142kowycki M<\/strong> (2022) Polyporoid fungi in Bia\u0142ystok. Biodiversity of the Bia\u0142ystok City, vol. 8. <a href=\"https:\/\/www.bialystok.pl\/pl\/dla_mieszkancow\/gospodarkakomunalna\/bioroznorodnosc-miasta-bialegostoku\/grzyby-poliporoidalne-bialegostoku-1.html\" target=\"_blank\" rel=\"noopener\">ISBN: 978-83-954504-9-5<\/a>.<\/p>\n<p><strong>Yurchenko E<\/strong>, <strong>Wo\u0142kowycki M<\/strong> (2022) New Species of Corticioid Fungi (Basidiomycota) for Poland Found in Bia\u0142owie\u017ca Primeval Forest in 2018\u20122020. Acta Mycologica, 57. <a href=\"https:\/\/pbsociety.org.pl\/journals\/index.php\/am\/article\/view\/am.577\/8397\" target=\"_blank\" rel=\"noopener\">DOI: 10.5586\/am.577<\/a>.<\/p>\n<p><strong>Yurchenko E<\/strong> (2020) Corticioid fungi of Belarus: An identification book. Kolorgrad, Minsk, 511 pp.<\/p>\n<p><strong>Yurchenko E<\/strong>, Riebesehl J, Langer E (2020) Fasciodontia gen. nov. (Hymenochaetales, Basidiomycota) and the taxonomic status of Deviodontia. Mycological Progress 19(2):171\u2013184. <a href=\"https:\/\/link.springer.com\/article\/10.1007\/s11557-019-01554-7\" target=\"_blank\" rel=\"noopener\">DOI:10.1007\/s11557-019-01554-7<\/a>.<\/p>\n<p>Sadowska A, <strong>Zapora E<\/strong>, Sawicka D, Niemirowicz-Laskowska K, Sura\u017cy\u0144ski A, Su\u0142kowska-Ziaja K, Ka\u0142a K, <strong>Stocki M<\/strong>, <strong>Wo\u0142kowycki M<\/strong>, <strong>Bakier S<\/strong>, Pawlik A, Jaszek M, Muszy\u0144ska B, Car H (2020) Heterobasidion annosum Induces Apoptosis in DLD-1 Cells and Decreases Colon Cancer Growth in In Vivo Model. International Journal of Molecular Sciences 21(10):3447. <a href=\"https:\/\/www.mdpi.com\/1422-0067\/21\/10\/3447\" target=\"_blank\" rel=\"noopener\">DOI:10.3390\/ijms21103447<\/a>.<\/p>\n<p>Kujawa A, Gierczyk B, Gryc M, <strong>Wo\u0142kowycki M<\/strong> (2019) Mushrooms of the Knyszy\u0144ska Forest. Knyszy\u0144ska Forest Landscape Park. ISBN: 978-83-935450-8-7.<\/p>\n<p><strong>Yurchenko E<\/strong>, Riebesehl J, Langer E (2017) Clarification of Lyomyces sambuci complex with the descriptions of four new species. Mycological Progress 16:865\u2013876. <a href=\"https:\/\/link.springer.com\/article\/10.1007\/s11557-017-1321-1\" target=\"_blank\" rel=\"noopener\">DOI:10.1007\/s11557-017-1321-1<\/a>.<\/p>\n<p><strong>Zapora E, Wo\u0142kowycki M, Bakier S<\/strong>, Zjawiony JK (2016) Phellinus igniarius: A Pharmacologically Active Polypore Mushroom. Natural Product Communications 11(7):1043-1046. <a href=\"https:\/\/journals.sagepub.com\/doi\/10.1177\/1934578X1601100741\" target=\"_blank\" rel=\"noopener\">DOI:10.1177\/1934578X1601100741<\/a>.<\/p>\n<p><strong>Yurchenko E<\/strong>, Wu SH (2016) A key to the species of Hyphodontia sensu lato. MycoKeys 12(6):1\u201327. <a href=\"https:\/\/mycokeys.pensoft.net\/articles.php?id=7568\" target=\"_blank\" rel=\"noopener\">DOI:10.3897\/mycokeys.12.7568<\/a>.<\/p>\n<p>Karasi\u0144ski D, <strong>Wo\u0142kowycki M<\/strong> (2015) An annoted and ilustrated catalogue of polypores of the Bia\u0142owie\u017ca Forest. Polish Botanical Journal 60(2):217-292. <a href=\"http:\/\/archive.sciendo.com\/PBJ\/pbj.2015.60.issue-2\/pbj-2015-0034\/pbj-2015-0034.pdf\" target=\"_blank\" rel=\"noopener\">DOI:10.1515\/pbj-2015-0034<\/a>.<\/p>\n<p><strong>Yurchenko E<\/strong> (2011) Lichens of Belarus: An illustrated electronic handbook. Edn 1. [Publication on CD; Lysandra 3.0 \u2013 interactive key and viewer of database; ISBN 985-90000-6-9]. K.E. Dovgailo, Minsk.<\/p>\n<p><strong>Yurchenko EO<\/strong> (2010) The genus Peniophora (Basidiomycota) of Eastern Europe: Morphology, taxonomy, ecology, distribution. Belorusskaya nauka, Minsk, 339 pp.<\/p>\n<p><strong>More publications:<\/strong><\/p>\n<p><a href=\"https:\/\/www.researchgate.net\/profile\/Ewa-Zapora\" target=\"_blank\" rel=\"noopener\">Ewa Zapora, <\/a><a href=\"https:\/\/www.researchgate.net\/profile\/Marek-Wolkowycki\" target=\"_blank\" rel=\"noopener\">Marek Wo\u0142kowycki, <\/a><a href=\"https:\/\/www.researchgate.net\/profile\/Eugene-Yurchenko\" target=\"_blank\" rel=\"noopener\">Eugene Yurchenko, <\/a><a href=\"https:\/\/www.researchgate.net\/profile\/Slawomir-Bakier\" target=\"_blank\" rel=\"noopener\">S\u0142awomir Bakier, <\/a><a href=\"https:\/\/www.researchgate.net\/profile\/Marcin-Stocki\" target=\"_blank\" rel=\"noopener\">Marcin Stocki<\/a><\/p>\n<h5>PROJECTS<\/h5>\n<p><strong>International Mushroom Summer School, IMSS 2022<\/strong><\/p>\n<p>International Mushroom Summer School IMSS 2022:<\/p>\n<ul>\n<li>International Mushroom Summer School IMSS 2022, 1st edition<\/li>\n<li>International Mushroom Summer School IMSS 2022, 2nd edition<\/li>\n<\/ul>\n<p>Implementation: Institute of Forest Sciences of the Bia\u0142ystok University of Technology<\/p>\n<p>Date: IMMS 2022, 1st edition: 20-24.06.2022. IMMS 2022, 2nd edition: 05-09.12.2022<\/p>\n<p>Effects:<\/p>\n<p>&#8211; Conducting international mycological workshops (practical field classes in the Bia\u0142owie\u017ca Forest and laboratory exercises at the Scientific and Research Center of the University of Bialystok in Hajn\u00f3wka<\/p>\n<p>&#8211; Participation of representatives of foreign PhD students and academic teachers from 15 countries: USA, Nigeria, Republic of Benin, Georgia, Serbia, Ukraine, Kosovo, North Macedonia, Turkey, Estonia, Czech Republic, Sweden, Italy, Portugal, Tunisia<\/p>\n<p>Relations:<\/p>\n<p>IMSS 2022, 1st edition: <a href=\"https:\/\/www.youtube.com\/watch?v=DijzWpRBFd0\" target=\"_blank\" rel=\"noopener\">Relation 1<\/a>, <a href=\"https:\/\/www.youtube.com\/watch?v=U3t8BQ3WvxQ\" target=\"_blank\" rel=\"noopener\">Relation 2<\/a>, <a href=\"https:\/\/pb.edu.pl\/2022\/06\/20\/miedzynarodowa-letnia-szkola-grzybow-2022\/\" target=\"_blank\" rel=\"noopener\">Note<\/a>.<\/p>\n<p>IMSS 2022, 2nd edition: <a href=\"https:\/\/www.youtube.com\/watch?v=L9GKQXkyLNQ\" target=\"_blank\" rel=\"noopener\">Relation 1<\/a>, <a href=\"https:\/\/pb.edu.pl\/2022\/12\/05\/miedzynarodowa-szkola-letnia-dla-mykologow-w-politechnice-bialostockiej\/\" target=\"_blank\" rel=\"noopener\">Note 1<\/a>, <a href=\"https:\/\/pb.edu.pl\/2022\/12\/09\/druga-edycja-miedzynarodowej-szkoly-letniej-grzybow-2022\/\" target=\"_blank\" rel=\"noopener\">Note 2<\/a>.<\/p>\n\n\t\t<style type=\"text\/css\">\n\t\t\t#gallery-1 {\n\t\t\t\tmargin: auto;\n\t\t\t}\n\t\t\t#gallery-1 .gallery-item {\n\t\t\t\tfloat: left;\n\t\t\t\tmargin-top: 10px;\n\t\t\t\ttext-align: center;\n\t\t\t\twidth: 100%;\n\t\t\t}\n\t\t\t#gallery-1 img {\n\t\t\t\tborder: 2px solid #cfcfcf;\n\t\t\t}\n\t\t\t#gallery-1 .gallery-caption {\n\t\t\t\tmargin-left: 0;\n\t\t\t}\n\t\t\t\/* see gallery_shortcode() in wp-includes\/media.php *\/\n\t\t<\/style>\n\t\t<div id='gallery-1' class='gallery galleryid-671 gallery-columns-1 gallery-size-medium'><dl class='gallery-item'>\n\t\t\t<dt class='gallery-icon landscape'>\n\t\t\t\t<img width=\"300\" height=\"294\" src=\"https:\/\/fungiextractbank.com\/app\/uploads\/sites\/2\/2023\/09\/IMMS-2022-plakat-300x294.jpg\" class=\"attachment-medium size-medium\" alt=\"\" loading=\"lazy\" srcset=\"https:\/\/fungiextractbank.com\/app\/uploads\/sites\/2\/2023\/09\/IMMS-2022-plakat-300x294.jpg 300w, https:\/\/fungiextractbank.com\/app\/uploads\/sites\/2\/2023\/09\/IMMS-2022-plakat.jpg 590w\" sizes=\"(max-width: 300px) 100vw, 300px\" \/>\n\t\t\t<\/dt><\/dl><br style=\"clear: both\" \/>\n\t\t<\/div>\n\n<p>&nbsp;<\/p>\n<p><strong>International Summer School &#8211; From Fungal Morphology to Genotype<\/strong><\/p>\n<p>Project: International Summer School: From Fungal Morphology to Genotype.<\/p>\n<p>Partners: Faculty of Biology of the University of Warsaw and the Institute of Forest Sciences of the Bia\u0142ystok University of Technology<\/p>\n<p>Date: 18-25.09.2021<\/p>\n<p>Effects:<\/p>\n<p>&#8211; International mycological workshops (practical field classes in the Bia\u0142owie\u017ca Forest and laboratory exercises at the Scientific and Research Center of the University of Bialystok in Hajn\u00f3wka)<\/p>\n<p>&#8211; Participation of PhD students and scientists from 3 countries: Czech Republic, Slovakia, Germany.<\/p>\n<p>Relations: <a href=\"https:\/\/www.youtube.com\/watch?v=_87ISBKcW_E\" target=\"_blank\" rel=\"noopener\">Relation<\/a>, <a href=\"https:\/\/pb.edu.pl\/2021\/09\/30\/miedzynarodowa-szkola-letnia-dla-mykologow-w-instytucie-nauk-lesnych\/\" target=\"_blank\" rel=\"noopener\">Note<\/a>.<\/p>\n<p>&nbsp;<\/p>\n","protected":false},"excerpt":{"rendered":"<p>PUBLICATIONS Ra\u0161eta M., Mi\u0161kovi\u0107 J., \u010capelja E., Zapora E, Petrovi\u0107 Fabijan A., [&hellip;]<\/p>\n","protected":false},"author":2,"featured_media":0,"parent":0,"menu_order":30,"comment_status":"closed","ping_status":"closed","template":"","meta":{"ngg_post_thumbnail":0},"yoast_head":"<!-- This site is optimized with the Yoast SEO plugin v17.2.1 - https:\/\/yoast.com\/wordpress\/plugins\/seo\/ -->\n<title>Publications and projects - Fungi Extract Bank<\/title>\n<meta name=\"robots\" content=\"index, follow, max-snippet:-1, max-image-preview:large, max-video-preview:-1\" \/>\n<link rel=\"canonical\" href=\"https:\/\/fungiextractbank.com\/en\/publications-and-projects\/\" \/>\n<meta property=\"og:locale\" content=\"en_US\" \/>\n<meta property=\"og:type\" content=\"article\" \/>\n<meta property=\"og:title\" content=\"Publications and projects - Fungi Extract Bank\" \/>\n<meta property=\"og:description\" content=\"PUBLICATIONS Ra\u0161eta M., Mi\u0161kovi\u0107 J., \u010capelja E., Zapora E, Petrovi\u0107 Fabijan A., [&hellip;]\" \/>\n<meta property=\"og:url\" content=\"https:\/\/fungiextractbank.com\/en\/publications-and-projects\/\" \/>\n<meta property=\"og:site_name\" content=\"Fungi Extract Bank\" \/>\n<meta property=\"article:modified_time\" content=\"2024-01-11T08:11:28+00:00\" \/>\n<meta property=\"og:image\" content=\"https:\/\/fungiextractbank.com\/app\/uploads\/sites\/2\/2023\/09\/IMMS-2022-plakat-300x294.jpg\" \/>\n<meta name=\"twitter:card\" content=\"summary_large_image\" \/>\n<meta name=\"twitter:label1\" content=\"Est. reading time\" \/>\n\t<meta name=\"twitter:data1\" content=\"3 minutes\" \/>\n<script type=\"application\/ld+json\" class=\"yoast-schema-graph\">{\"@context\":\"https:\/\/schema.org\",\"@graph\":[{\"@type\":\"WebSite\",\"@id\":\"https:\/\/fungiextractbank.com\/en\/#website\",\"url\":\"https:\/\/fungiextractbank.com\/en\/\",\"name\":\"Fungi Extract Bank\",\"description\":\"\",\"potentialAction\":[{\"@type\":\"SearchAction\",\"target\":{\"@type\":\"EntryPoint\",\"urlTemplate\":\"https:\/\/fungiextractbank.com\/en\/?s={search_term_string}\"},\"query-input\":\"required name=search_term_string\"}],\"inLanguage\":\"en-US\"},{\"@type\":\"WebPage\",\"@id\":\"https:\/\/fungiextractbank.com\/en\/publications-and-projects\/#webpage\",\"url\":\"https:\/\/fungiextractbank.com\/en\/publications-and-projects\/\",\"name\":\"Publications and projects - Fungi Extract Bank\",\"isPartOf\":{\"@id\":\"https:\/\/fungiextractbank.com\/en\/#website\"},\"datePublished\":\"2023-05-11T19:18:49+00:00\",\"dateModified\":\"2024-01-11T08:11:28+00:00\",\"breadcrumb\":{\"@id\":\"https:\/\/fungiextractbank.com\/en\/publications-and-projects\/#breadcrumb\"},\"inLanguage\":\"en-US\",\"potentialAction\":[{\"@type\":\"ReadAction\",\"target\":[\"https:\/\/fungiextractbank.com\/en\/publications-and-projects\/\"]}]},{\"@type\":\"BreadcrumbList\",\"@id\":\"https:\/\/fungiextractbank.com\/en\/publications-and-projects\/#breadcrumb\",\"itemListElement\":[{\"@type\":\"ListItem\",\"position\":1,\"name\":\"Home\",\"item\":\"https:\/\/fungiextractbank.com\/en\/\"},{\"@type\":\"ListItem\",\"position\":2,\"name\":\"Publications and projects\"}]}]}<\/script>\n<!-- \/ Yoast SEO plugin. -->","yoast_head_json":{"title":"Publications and projects - Fungi Extract Bank","robots":{"index":"index","follow":"follow","max-snippet":"max-snippet:-1","max-image-preview":"max-image-preview:large","max-video-preview":"max-video-preview:-1"},"canonical":"https:\/\/fungiextractbank.com\/en\/publications-and-projects\/","og_locale":"en_US","og_type":"article","og_title":"Publications and projects - Fungi Extract Bank","og_description":"PUBLICATIONS Ra\u0161eta M., Mi\u0161kovi\u0107 J., \u010capelja E., Zapora E, Petrovi\u0107 Fabijan A., [&hellip;]","og_url":"https:\/\/fungiextractbank.com\/en\/publications-and-projects\/","og_site_name":"Fungi Extract Bank","article_modified_time":"2024-01-11T08:11:28+00:00","og_image":[{"url":"https:\/\/fungiextractbank.com\/app\/uploads\/sites\/2\/2023\/09\/IMMS-2022-plakat-300x294.jpg"}],"twitter_card":"summary_large_image","twitter_misc":{"Est. reading time":"3 minutes"},"schema":{"@context":"https:\/\/schema.org","@graph":[{"@type":"WebSite","@id":"https:\/\/fungiextractbank.com\/en\/#website","url":"https:\/\/fungiextractbank.com\/en\/","name":"Fungi Extract Bank","description":"","potentialAction":[{"@type":"SearchAction","target":{"@type":"EntryPoint","urlTemplate":"https:\/\/fungiextractbank.com\/en\/?s={search_term_string}"},"query-input":"required name=search_term_string"}],"inLanguage":"en-US"},{"@type":"WebPage","@id":"https:\/\/fungiextractbank.com\/en\/publications-and-projects\/#webpage","url":"https:\/\/fungiextractbank.com\/en\/publications-and-projects\/","name":"Publications and projects - Fungi Extract Bank","isPartOf":{"@id":"https:\/\/fungiextractbank.com\/en\/#website"},"datePublished":"2023-05-11T19:18:49+00:00","dateModified":"2024-01-11T08:11:28+00:00","breadcrumb":{"@id":"https:\/\/fungiextractbank.com\/en\/publications-and-projects\/#breadcrumb"},"inLanguage":"en-US","potentialAction":[{"@type":"ReadAction","target":["https:\/\/fungiextractbank.com\/en\/publications-and-projects\/"]}]},{"@type":"BreadcrumbList","@id":"https:\/\/fungiextractbank.com\/en\/publications-and-projects\/#breadcrumb","itemListElement":[{"@type":"ListItem","position":1,"name":"Home","item":"https:\/\/fungiextractbank.com\/en\/"},{"@type":"ListItem","position":2,"name":"Publications and projects"}]}]}},"_links":{"self":[{"href":"https:\/\/fungiextractbank.com\/en\/wp-json\/wp\/v2\/pages\/671"}],"collection":[{"href":"https:\/\/fungiextractbank.com\/en\/wp-json\/wp\/v2\/pages"}],"about":[{"href":"https:\/\/fungiextractbank.com\/en\/wp-json\/wp\/v2\/types\/page"}],"author":[{"embeddable":true,"href":"https:\/\/fungiextractbank.com\/en\/wp-json\/wp\/v2\/users\/2"}],"replies":[{"embeddable":true,"href":"https:\/\/fungiextractbank.com\/en\/wp-json\/wp\/v2\/comments?post=671"}],"version-history":[{"count":13,"href":"https:\/\/fungiextractbank.com\/en\/wp-json\/wp\/v2\/pages\/671\/revisions"}],"predecessor-version":[{"id":717,"href":"https:\/\/fungiextractbank.com\/en\/wp-json\/wp\/v2\/pages\/671\/revisions\/717"}],"wp:attachment":[{"href":"https:\/\/fungiextractbank.com\/en\/wp-json\/wp\/v2\/media?parent=671"}],"curies":[{"name":"wp","href":"https:\/\/api.w.org\/{rel}","templated":true}]}}