{"id":22,"date":"2021-08-18T15:33:09","date_gmt":"2021-08-18T13:33:09","guid":{"rendered":"http:\/\/fungiextractbank.com\/en\/wspolpraca\/"},"modified":"2023-05-12T13:55:13","modified_gmt":"2023-05-12T11:55:13","slug":"cooperation","status":"publish","type":"page","link":"https:\/\/fungiextractbank.com\/en\/cooperation\/","title":{"rendered":"Cooperation"},"content":{"rendered":"<p>We work in cooperation with various institutions and carry out research in the field of mycobiota and the medical potential of selected fungal species. The aim of cooperation is the implementation of research projects, R&amp;D and the exchange of current knowledge and experience in interdisciplinary teams of experts.<\/p>\n<p>In July 2018 we established <strong>MEDICAL FUNGI CONSORTIUM<\/strong>, which brings together Polish scientific units that study the medical properties of fungi: <a title=\"Will open on a new website\" href=\"https:\/\/pb.edu.pl\/en\" target=\"_blank\" rel=\"noopener\">Bialystok University of Technology<\/a>, <a title=\"Will open on a new website\" href=\"https:\/\/www.umb.edu.pl\/en\/index.php\" target=\"_blank\" rel=\"noopener\">Medical University of Bialystok<\/a>, <a title=\"Will open on a new website\" href=\"https:\/\/en.uj.edu.pl\/en\" target=\"_blank\" rel=\"noopener\">Collegium Medicum of the Jagiellonian University in Krakow<\/a>, <a title=\"Will open on a new website\" href=\"https:\/\/www.umcs.pl\/en\/\" target=\"_blank\" rel=\"noopener\">Marie Curie-Sk\u0142odowska University in Lublin<\/a>.<\/p>\n<p>In addition, we have a wide <strong>international cooperation <\/strong>with partners from abroad:<\/p>\n<ul>\n<li><a title=\"Will open on a new website\" href=\"https:\/\/olemiss.edu\" target=\"_blank\" rel=\"noopener\">University of Mississippi (the USA)<\/a><\/li>\n<li><a href=\"https:\/\/www.gu.se\/en\" target=\"_blank\" rel=\"noopener\">University of Gothenburg (Sweden)\u00a0<\/a><\/li>\n<li><a href=\"https:\/\/www.helsinki.fi\/en\" target=\"_blank\" rel=\"noopener\">University of Helsinki (Finland)<\/a><\/li>\n<li><a href=\"https:\/\/www.uvg.edu.gt\/\" target=\"_blank\" rel=\"noopener\">Universidad Del Valle De Guatemala (Guatemala)<\/a><\/li>\n<li><a title=\"Will open on a new website\" href=\"https:\/\/www.unam.edu.ar\" target=\"_blank\" rel=\"noopener\">National University of Misiones (Argentina)<\/a><\/li>\n<li><a title=\"Will open on a new website\" href=\"https:\/\/www.uh.edu\" target=\"_blank\" rel=\"noopener\">University of Houston (the USA)<\/a><\/li>\n<li><a title=\"Will open on a new website\" href=\"https:\/\/www.brandonu.ca\" target=\"_blank\" rel=\"noopener\">Brandon University (Canada)<\/a><\/li>\n<li><a title=\"Will open on a new website\" href=\"http:\/\/www.uns.ac.rs\" target=\"_blank\" rel=\"noopener\">University of Novi Sad (Serbia)<\/a><\/li>\n<li><a title=\"Will open on a new website\" href=\"https:\/\/www.unipa.it\" target=\"_blank\" rel=\"noopener\">University of Palermo (Italy)<\/a><\/li>\n<li><a title=\"Will open on a new website\" href=\"https:\/\/www.ucaldas.edu.co\" target=\"_blank\" rel=\"noopener\">University of Caldas (Colombia)<\/a><\/li>\n<li><a title=\"Will open on a new website\" href=\"https:\/\/iliauni.edu.ge\" target=\"_blank\" rel=\"noopener\">Ilia State University (Georgia)<\/a><\/li>\n<li><a href=\"https:\/\/www.ciefap.org.ar\/\" target=\"_blank\" rel=\"noopener\">Centro de Investigaci\u00f3n y Extensi\u00f3n Forestal Andino Patag\u00f3nico CIEFAP (Argentina)<\/a><\/li>\n<li><a href=\"http:\/\/www.fpl.fs.fed.us\/search\/mycology_request.php\" target=\"_blank\" rel=\"noopener\">Center for Forest Mycology Research CFMR, U.S. Forest Service, Northern Research Station (USA)<\/a><\/li>\n<\/ul>\n","protected":false},"excerpt":{"rendered":"<p>We work in cooperation with various institutions and carry out research in [&hellip;]<\/p>\n","protected":false},"author":2,"featured_media":0,"parent":0,"menu_order":11,"comment_status":"closed","ping_status":"closed","template":"","meta":{"ngg_post_thumbnail":0},"yoast_head":"<!-- This site is optimized with the Yoast SEO plugin v17.2.1 - https:\/\/yoast.com\/wordpress\/plugins\/seo\/ -->\n<title>Cooperation - Fungi Extract Bank<\/title>\n<meta name=\"description\" content=\"We work in cooperation with various institutions and carry out research in the field of mycobiota and the medical potential of selected fungal species\" \/>\n<meta name=\"robots\" content=\"index, follow, max-snippet:-1, max-image-preview:large, max-video-preview:-1\" \/>\n<link rel=\"canonical\" href=\"https:\/\/fungiextractbank.com\/en\/cooperation\/\" \/>\n<meta property=\"og:locale\" content=\"en_US\" \/>\n<meta property=\"og:type\" content=\"article\" \/>\n<meta property=\"og:title\" content=\"Cooperation - Fungi Extract Bank\" \/>\n<meta property=\"og:description\" content=\"We work in cooperation with various institutions and carry out research in the field of mycobiota and the medical potential of selected fungal species\" \/>\n<meta property=\"og:url\" content=\"https:\/\/fungiextractbank.com\/en\/cooperation\/\" \/>\n<meta property=\"og:site_name\" content=\"Fungi Extract Bank\" \/>\n<meta property=\"article:modified_time\" content=\"2023-05-12T11:55:13+00:00\" \/>\n<meta name=\"twitter:card\" content=\"summary_large_image\" \/>\n<meta name=\"twitter:label1\" content=\"Est. reading time\" \/>\n\t<meta name=\"twitter:data1\" content=\"1 minute\" \/>\n<script type=\"application\/ld+json\" class=\"yoast-schema-graph\">{\"@context\":\"https:\/\/schema.org\",\"@graph\":[{\"@type\":\"WebSite\",\"@id\":\"https:\/\/fungiextractbank.com\/en\/#website\",\"url\":\"https:\/\/fungiextractbank.com\/en\/\",\"name\":\"Fungi Extract Bank\",\"description\":\"\",\"potentialAction\":[{\"@type\":\"SearchAction\",\"target\":{\"@type\":\"EntryPoint\",\"urlTemplate\":\"https:\/\/fungiextractbank.com\/en\/?s={search_term_string}\"},\"query-input\":\"required name=search_term_string\"}],\"inLanguage\":\"en-US\"},{\"@type\":\"WebPage\",\"@id\":\"https:\/\/fungiextractbank.com\/en\/cooperation\/#webpage\",\"url\":\"https:\/\/fungiextractbank.com\/en\/cooperation\/\",\"name\":\"Cooperation - Fungi Extract Bank\",\"isPartOf\":{\"@id\":\"https:\/\/fungiextractbank.com\/en\/#website\"},\"datePublished\":\"2021-08-18T13:33:09+00:00\",\"dateModified\":\"2023-05-12T11:55:13+00:00\",\"description\":\"We work in cooperation with various institutions and carry out research in the field of mycobiota and the medical potential of selected fungal species\",\"breadcrumb\":{\"@id\":\"https:\/\/fungiextractbank.com\/en\/cooperation\/#breadcrumb\"},\"inLanguage\":\"en-US\",\"potentialAction\":[{\"@type\":\"ReadAction\",\"target\":[\"https:\/\/fungiextractbank.com\/en\/cooperation\/\"]}]},{\"@type\":\"BreadcrumbList\",\"@id\":\"https:\/\/fungiextractbank.com\/en\/cooperation\/#breadcrumb\",\"itemListElement\":[{\"@type\":\"ListItem\",\"position\":1,\"name\":\"Home\",\"item\":\"https:\/\/fungiextractbank.com\/en\/\"},{\"@type\":\"ListItem\",\"position\":2,\"name\":\"Cooperation\"}]}]}<\/script>\n<!-- \/ Yoast SEO plugin. -->","yoast_head_json":{"title":"Cooperation - Fungi Extract Bank","description":"We work in cooperation with various institutions and carry out research in the field of mycobiota and the medical potential of selected fungal species","robots":{"index":"index","follow":"follow","max-snippet":"max-snippet:-1","max-image-preview":"max-image-preview:large","max-video-preview":"max-video-preview:-1"},"canonical":"https:\/\/fungiextractbank.com\/en\/cooperation\/","og_locale":"en_US","og_type":"article","og_title":"Cooperation - Fungi Extract Bank","og_description":"We work in cooperation with various institutions and carry out research in the field of mycobiota and the medical potential of selected fungal species","og_url":"https:\/\/fungiextractbank.com\/en\/cooperation\/","og_site_name":"Fungi Extract Bank","article_modified_time":"2023-05-12T11:55:13+00:00","twitter_card":"summary_large_image","twitter_misc":{"Est. reading time":"1 minute"},"schema":{"@context":"https:\/\/schema.org","@graph":[{"@type":"WebSite","@id":"https:\/\/fungiextractbank.com\/en\/#website","url":"https:\/\/fungiextractbank.com\/en\/","name":"Fungi Extract Bank","description":"","potentialAction":[{"@type":"SearchAction","target":{"@type":"EntryPoint","urlTemplate":"https:\/\/fungiextractbank.com\/en\/?s={search_term_string}"},"query-input":"required name=search_term_string"}],"inLanguage":"en-US"},{"@type":"WebPage","@id":"https:\/\/fungiextractbank.com\/en\/cooperation\/#webpage","url":"https:\/\/fungiextractbank.com\/en\/cooperation\/","name":"Cooperation - Fungi Extract Bank","isPartOf":{"@id":"https:\/\/fungiextractbank.com\/en\/#website"},"datePublished":"2021-08-18T13:33:09+00:00","dateModified":"2023-05-12T11:55:13+00:00","description":"We work in cooperation with various institutions and carry out research in the field of mycobiota and the medical potential of selected fungal species","breadcrumb":{"@id":"https:\/\/fungiextractbank.com\/en\/cooperation\/#breadcrumb"},"inLanguage":"en-US","potentialAction":[{"@type":"ReadAction","target":["https:\/\/fungiextractbank.com\/en\/cooperation\/"]}]},{"@type":"BreadcrumbList","@id":"https:\/\/fungiextractbank.com\/en\/cooperation\/#breadcrumb","itemListElement":[{"@type":"ListItem","position":1,"name":"Home","item":"https:\/\/fungiextractbank.com\/en\/"},{"@type":"ListItem","position":2,"name":"Cooperation"}]}]}},"_links":{"self":[{"href":"https:\/\/fungiextractbank.com\/en\/wp-json\/wp\/v2\/pages\/22"}],"collection":[{"href":"https:\/\/fungiextractbank.com\/en\/wp-json\/wp\/v2\/pages"}],"about":[{"href":"https:\/\/fungiextractbank.com\/en\/wp-json\/wp\/v2\/types\/page"}],"author":[{"embeddable":true,"href":"https:\/\/fungiextractbank.com\/en\/wp-json\/wp\/v2\/users\/2"}],"replies":[{"embeddable":true,"href":"https:\/\/fungiextractbank.com\/en\/wp-json\/wp\/v2\/comments?post=22"}],"version-history":[{"count":18,"href":"https:\/\/fungiextractbank.com\/en\/wp-json\/wp\/v2\/pages\/22\/revisions"}],"predecessor-version":[{"id":678,"href":"https:\/\/fungiextractbank.com\/en\/wp-json\/wp\/v2\/pages\/22\/revisions\/678"}],"wp:attachment":[{"href":"https:\/\/fungiextractbank.com\/en\/wp-json\/wp\/v2\/media?parent=22"}],"curies":[{"name":"wp","href":"https:\/\/api.w.org\/{rel}","templated":true}]}}