{"id":20,"date":"2021-08-18T15:32:26","date_gmt":"2021-08-18T13:32:26","guid":{"rendered":"http:\/\/fungiextractbank.com\/en\/puszcza-bialowieska\/"},"modified":"2021-10-28T15:03:23","modified_gmt":"2021-10-28T13:03:23","slug":"bialowieza-forest","status":"publish","type":"page","link":"https:\/\/fungiextractbank.com\/en\/bialowieza-forest\/","title":{"rendered":"Bia\u0142owie\u017ca Forest"},"content":{"rendered":"<p>The Bia\u0142owie\u017ca Forest is a unique, extremely rich collection of diverse and extensive ecosystems. It combines diverse and numerous natural resources with a network of extremely interesting connections and dynamic ecological processes.<\/p>\n<p>The important natural value of the Bia\u0142owie\u017ca Forest stems from the high biodiversity and functioning of natural forest ecosystems. The expressiveness and uniqueness of the natural area is reflected in the incredible richness of mycobiota.<\/p>\n<p>The Bia\u0142owie\u017ca Forest is a relatively large and well-preserved forest complex. It is distinguished by the presence of forest fragments of an extremely primitive nature and the protection of natural ecological processes. It is referred to as the last lowland natural forest in Europe, or a relic of primary forests. Optimal conditions for the development of many species of mycobiota are provided by well-preserved large-surface, natural forest ecosystems with diverse phytocenoses in terms of habitat and structure.<\/p>\n<!-- default-view.php -->\n<div\n\tclass=\"ngg-galleryoverview default-view \"\n\tid=\"ngg-gallery-cd7fe035d62b7f1df40901260b601f42-1\">\n\n\t\t<!-- Thumbnails -->\n\t\t\t\t<div id=\"ngg-image-0\" class=\"ngg-gallery-thumbnail-box \" >\n\t\t\t\t        <div class=\"ngg-gallery-thumbnail\">\n            <a href=\"https:\/\/fungiextractbank.com\/en\/wp-content\/gallery\/puszcza-bialowieska\/0210_pb_puszcza.jpg\"\n               title=\"\"\n               data-src=\"https:\/\/fungiextractbank.com\/en\/wp-content\/gallery\/puszcza-bialowieska\/0210_pb_puszcza.jpg\"\n               data-thumbnail=\"https:\/\/fungiextractbank.com\/en\/wp-content\/gallery\/puszcza-bialowieska\/thumbs\/thumbs_0210_pb_puszcza.jpg\"\n               data-image-id=\"9\"\n               data-title=\"Puszcza\"\n               data-description=\"\"\n               data-image-slug=\"0210_pb_puszcza\"\n               class=\"ngg-fancybox\" rel=\"cd7fe035d62b7f1df40901260b601f42\">\n                <img\n                    title=\"Puszcza\"\n                    alt=\"Puszcza\"\n                    src=\"https:\/\/fungiextractbank.com\/en\/wp-content\/gallery\/puszcza-bialowieska\/thumbs\/thumbs_0210_pb_puszcza.jpg\"\n                    width=\"320\"\n                    height=\"240\"\n                    style=\"max-width:100%;\"\n                \/>\n            <\/a>\n        <\/div>\n\t\t\t\t\t\t\t<\/div> \n\t\t\t\n\t\t\t\t<div id=\"ngg-image-1\" class=\"ngg-gallery-thumbnail-box \" >\n\t\t\t\t        <div class=\"ngg-gallery-thumbnail\">\n            <a href=\"https:\/\/fungiextractbank.com\/en\/wp-content\/gallery\/puszcza-bialowieska\/0194_pb_puszcza.jpg\"\n               title=\"\"\n               data-src=\"https:\/\/fungiextractbank.com\/en\/wp-content\/gallery\/puszcza-bialowieska\/0194_pb_puszcza.jpg\"\n               data-thumbnail=\"https:\/\/fungiextractbank.com\/en\/wp-content\/gallery\/puszcza-bialowieska\/thumbs\/thumbs_0194_pb_puszcza.jpg\"\n               data-image-id=\"10\"\n               data-title=\"Puszcza\"\n               data-description=\"\"\n               data-image-slug=\"0194_pb_puszcza\"\n               class=\"ngg-fancybox\" rel=\"cd7fe035d62b7f1df40901260b601f42\">\n                <img\n                    title=\"Puszcza\"\n                    alt=\"Puszcza\"\n                    src=\"https:\/\/fungiextractbank.com\/en\/wp-content\/gallery\/puszcza-bialowieska\/thumbs\/thumbs_0194_pb_puszcza.jpg\"\n                    width=\"320\"\n                    height=\"240\"\n                    style=\"max-width:100%;\"\n                \/>\n            <\/a>\n        <\/div>\n\t\t\t\t\t\t\t<\/div> \n\t\t\t\n\t\t\t\t<div id=\"ngg-image-2\" class=\"ngg-gallery-thumbnail-box \" >\n\t\t\t\t        <div class=\"ngg-gallery-thumbnail\">\n            <a href=\"https:\/\/fungiextractbank.com\/en\/wp-content\/gallery\/puszcza-bialowieska\/0225_pb_puszcza.jpg\"\n               title=\"\"\n               data-src=\"https:\/\/fungiextractbank.com\/en\/wp-content\/gallery\/puszcza-bialowieska\/0225_pb_puszcza.jpg\"\n               data-thumbnail=\"https:\/\/fungiextractbank.com\/en\/wp-content\/gallery\/puszcza-bialowieska\/thumbs\/thumbs_0225_pb_puszcza.jpg\"\n               data-image-id=\"11\"\n               data-title=\"Puszcza\"\n               data-description=\"\"\n               data-image-slug=\"0225_pb_puszcza\"\n               class=\"ngg-fancybox\" rel=\"cd7fe035d62b7f1df40901260b601f42\">\n                <img\n                    title=\"Puszcza\"\n                    alt=\"Puszcza\"\n                    src=\"https:\/\/fungiextractbank.com\/en\/wp-content\/gallery\/puszcza-bialowieska\/thumbs\/thumbs_0225_pb_puszcza.jpg\"\n                    width=\"320\"\n                    height=\"240\"\n                    style=\"max-width:100%;\"\n                \/>\n            <\/a>\n        <\/div>\n\t\t\t\t\t\t\t<\/div> \n\t\t\t\n\t\t\t\t<div id=\"ngg-image-3\" class=\"ngg-gallery-thumbnail-box \" >\n\t\t\t\t        <div class=\"ngg-gallery-thumbnail\">\n            <a href=\"https:\/\/fungiextractbank.com\/en\/wp-content\/gallery\/puszcza-bialowieska\/0218_pb_puszcza.jpg\"\n               title=\"\"\n               data-src=\"https:\/\/fungiextractbank.com\/en\/wp-content\/gallery\/puszcza-bialowieska\/0218_pb_puszcza.jpg\"\n               data-thumbnail=\"https:\/\/fungiextractbank.com\/en\/wp-content\/gallery\/puszcza-bialowieska\/thumbs\/thumbs_0218_pb_puszcza.jpg\"\n               data-image-id=\"12\"\n               data-title=\"Puszcza\"\n               data-description=\"\"\n               data-image-slug=\"0218_pb_puszcza\"\n               class=\"ngg-fancybox\" rel=\"cd7fe035d62b7f1df40901260b601f42\">\n                <img\n                    title=\"Puszcza\"\n                    alt=\"Puszcza\"\n                    src=\"https:\/\/fungiextractbank.com\/en\/wp-content\/gallery\/puszcza-bialowieska\/thumbs\/thumbs_0218_pb_puszcza.jpg\"\n                    width=\"320\"\n                    height=\"240\"\n                    style=\"max-width:100%;\"\n                \/>\n            <\/a>\n        <\/div>\n\t\t\t\t\t\t\t<\/div> \n\t\t\t\n\t\n\t<br style=\"clear: both\" \/>\n\n\t\n\t\t<!-- Pagination -->\n\t<div class='ngg-clear'><\/div>\t<\/div>\n\n<div class=\"photo-author\"><em>photo: Micha\u0142 Obrycki<\/em><\/div>\n<p>In terms of the value of mycobiota and its protection, a significant role is played by the low intensity of the use of the Bia\u0142owie\u017ca Forest, and especially the constant (permanent and uninterrupted) presence of decayed wood, with various forms and stages of decomposition. Decayed wood produces specific micro-habitats, the availability and mosaicism of which shapes the diversity of saprotrophic species and the state of their population.<\/p>\n<p>The Bia\u0142owie\u017ca Forest is one of the most important areas where the Macromycetes population can be found in Europe. Bia\u0142owie\u017ca National Park (BPN) is a particularly important stronghold.<br \/>\nIn the Bia\u0142owie\u017ca Forest, up to 2010, the presence of approx. 3400 species of Macromycetesand Micromycetes, including approx. 1700 Macromycetes has been described. It is worth emphasising that in the case of almost 200 species, other areas of their occurrence in Poland, and some of them even on a European scale, are still unknown. Moreover, it is estimated that the Macromycetes species that have been identified in Bia\u0142owie\u017ca National Park represent approx. 25% of the European taxa. In the Bia\u0142owie\u017ca Forest, up to 2014, more than 200 species of polyporoid fungi have been identified. In this one place, they are almost a representative for the national species diversity of this group <sup>1, 2<\/sup>.<\/p>\n<!-- default-view.php -->\n<div\n\tclass=\"ngg-galleryoverview default-view \"\n\tid=\"ngg-gallery-4f02f9c2367ccd37623238d6d337a7f8-1\">\n\n\t\t<!-- Thumbnails -->\n\t\t\t\t<div id=\"ngg-image-0\" class=\"ngg-gallery-thumbnail-box \" >\n\t\t\t\t        <div class=\"ngg-gallery-thumbnail\">\n            <a href=\"https:\/\/fungiextractbank.com\/en\/wp-content\/gallery\/puszcza-bialowieska-2\/0012_pb_puszcza.jpg\"\n               title=\"\"\n               data-src=\"https:\/\/fungiextractbank.com\/en\/wp-content\/gallery\/puszcza-bialowieska-2\/0012_pb_puszcza.jpg\"\n               data-thumbnail=\"https:\/\/fungiextractbank.com\/en\/wp-content\/gallery\/puszcza-bialowieska-2\/thumbs\/thumbs_0012_pb_puszcza.jpg\"\n               data-image-id=\"13\"\n               data-title=\"Grzyb\"\n               data-description=\"\"\n               data-image-slug=\"0012_pb_puszcza\"\n               class=\"ngg-fancybox\" rel=\"4f02f9c2367ccd37623238d6d337a7f8\">\n                <img\n                    title=\"Grzyb\"\n                    alt=\"Grzyb\"\n                    src=\"https:\/\/fungiextractbank.com\/en\/wp-content\/gallery\/puszcza-bialowieska-2\/thumbs\/thumbs_0012_pb_puszcza.jpg\"\n                    width=\"320\"\n                    height=\"240\"\n                    style=\"max-width:100%;\"\n                \/>\n            <\/a>\n        <\/div>\n\t\t\t\t\t\t\t<\/div> \n\t\t\t\n\t\t\t\t<div id=\"ngg-image-1\" class=\"ngg-gallery-thumbnail-box \" >\n\t\t\t\t        <div class=\"ngg-gallery-thumbnail\">\n            <a href=\"https:\/\/fungiextractbank.com\/en\/wp-content\/gallery\/puszcza-bialowieska-2\/0155_pb_puszcza.jpg\"\n               title=\"\"\n               data-src=\"https:\/\/fungiextractbank.com\/en\/wp-content\/gallery\/puszcza-bialowieska-2\/0155_pb_puszcza.jpg\"\n               data-thumbnail=\"https:\/\/fungiextractbank.com\/en\/wp-content\/gallery\/puszcza-bialowieska-2\/thumbs\/thumbs_0155_pb_puszcza.jpg\"\n               data-image-id=\"14\"\n               data-title=\"Grzyb\"\n               data-description=\"\"\n               data-image-slug=\"0155_pb_puszcza\"\n               class=\"ngg-fancybox\" rel=\"4f02f9c2367ccd37623238d6d337a7f8\">\n                <img\n                    title=\"Grzyb\"\n                    alt=\"Grzyb\"\n                    src=\"https:\/\/fungiextractbank.com\/en\/wp-content\/gallery\/puszcza-bialowieska-2\/thumbs\/thumbs_0155_pb_puszcza.jpg\"\n                    width=\"320\"\n                    height=\"240\"\n                    style=\"max-width:100%;\"\n                \/>\n            <\/a>\n        <\/div>\n\t\t\t\t\t\t\t<\/div> \n\t\t\t\n\t\t\t\t<div id=\"ngg-image-2\" class=\"ngg-gallery-thumbnail-box \" >\n\t\t\t\t        <div class=\"ngg-gallery-thumbnail\">\n            <a href=\"https:\/\/fungiextractbank.com\/en\/wp-content\/gallery\/puszcza-bialowieska-2\/0057_pb_puszcza.jpg\"\n               title=\"\"\n               data-src=\"https:\/\/fungiextractbank.com\/en\/wp-content\/gallery\/puszcza-bialowieska-2\/0057_pb_puszcza.jpg\"\n               data-thumbnail=\"https:\/\/fungiextractbank.com\/en\/wp-content\/gallery\/puszcza-bialowieska-2\/thumbs\/thumbs_0057_pb_puszcza.jpg\"\n               data-image-id=\"15\"\n               data-title=\"Grzyb\"\n               data-description=\"\"\n               data-image-slug=\"0057_pb_puszcza\"\n               class=\"ngg-fancybox\" rel=\"4f02f9c2367ccd37623238d6d337a7f8\">\n                <img\n                    title=\"Grzyb\"\n                    alt=\"Grzyb\"\n                    src=\"https:\/\/fungiextractbank.com\/en\/wp-content\/gallery\/puszcza-bialowieska-2\/thumbs\/thumbs_0057_pb_puszcza.jpg\"\n                    width=\"320\"\n                    height=\"240\"\n                    style=\"max-width:100%;\"\n                \/>\n            <\/a>\n        <\/div>\n\t\t\t\t\t\t\t<\/div> \n\t\t\t\n\t\t\t\t<div id=\"ngg-image-3\" class=\"ngg-gallery-thumbnail-box \" >\n\t\t\t\t        <div class=\"ngg-gallery-thumbnail\">\n            <a href=\"https:\/\/fungiextractbank.com\/en\/wp-content\/gallery\/puszcza-bialowieska-2\/0046_pb_puszcza.jpg\"\n               title=\"\"\n               data-src=\"https:\/\/fungiextractbank.com\/en\/wp-content\/gallery\/puszcza-bialowieska-2\/0046_pb_puszcza.jpg\"\n               data-thumbnail=\"https:\/\/fungiextractbank.com\/en\/wp-content\/gallery\/puszcza-bialowieska-2\/thumbs\/thumbs_0046_pb_puszcza.jpg\"\n               data-image-id=\"16\"\n               data-title=\"Grzyb\"\n               data-description=\"\"\n               data-image-slug=\"0046_pb_puszcza\"\n               class=\"ngg-fancybox\" rel=\"4f02f9c2367ccd37623238d6d337a7f8\">\n                <img\n                    title=\"Grzyb\"\n                    alt=\"Grzyb\"\n                    src=\"https:\/\/fungiextractbank.com\/en\/wp-content\/gallery\/puszcza-bialowieska-2\/thumbs\/thumbs_0046_pb_puszcza.jpg\"\n                    width=\"320\"\n                    height=\"240\"\n                    style=\"max-width:100%;\"\n                \/>\n            <\/a>\n        <\/div>\n\t\t\t\t\t\t\t<\/div> \n\t\t\t\n\t\n\t<br style=\"clear: both\" \/>\n\n\t\n\t\t<!-- Pagination -->\n\t<div class='ngg-clear'><\/div>\t<\/div>\n\n<div class=\"photo-author\"><em>photo: Micha\u0142 Obrycki<\/em><\/div>\n<p>In Bia\u0142owie\u017ca National Park, until 2010, as a result of inventory work, more than 600 species of Macromycetes have been found. On the other hand, taking into account other available research results and literature data, more than 700 valuable species were distinguished. The report for the BPN conservation plan stresses that the key issue for the most valuable species of mycobiota is to maintain the continuity of the ecological conditions of the stands (mainly in relation to the presence of decayed wood) <sup>3<\/sup>.<\/p>\n<p>The Bia\u0142owie\u017ca Forest is undoubtedly a unique area of diversity of mycobiota in Poland. There are peculiar species of fungi, occurrence of which have not yet been identified in other regions of the country, Europe or the world.<\/p>\n<p>The Bia\u0142owie\u017ca Forest, thanks to its specificity, is an outstanding and universal scientific value, with a huge research potential. It gives us the prospect of discovering new species for science and their biological activity.<\/p>\n<hr \/>\n<p><sup>1<\/sup> Karasi\u0144ski D. 2014. Rarities from the forest Bia\u0142owie\u017ca. Bia\u0142owie\u017ca National Park, Bia\u0142owie\u017ca.<br \/>\n<sup>2<\/sup> Karasi\u0144ski D., Wo\u0142kowycki M. 2015. An annotated and illustrated catalogue of Polypores (Agaricomycetes) of the Bia\u0142owie\u017ca Forest (NE Poland). Polish Botanical Journal 60(2): 217\u2013292. DOI 10.1515\/pbj-2015-0034.<br \/>\n<sup>3<\/sup> Karasi\u0144ski D., Kujawa A., Szczepkowski A., Wo\u0142kowycki M. 2010. Bia\u0142owie\u017ca National Park Conservation Plan. Report on protection of species of fungi. Bia\u0142owie\u017ca. In: Plan ochrony bia\u0142owiego parku narodowego na Lata 2011-2030.<\/p>\n","protected":false},"excerpt":{"rendered":"<p>The Bia\u0142owie\u017ca Forest is a unique, extremely rich collection of diverse and [&hellip;]<\/p>\n","protected":false},"author":2,"featured_media":0,"parent":0,"menu_order":5,"comment_status":"closed","ping_status":"closed","template":"","meta":{"ngg_post_thumbnail":0},"yoast_head":"<!-- This site is optimized with the Yoast SEO plugin v17.2.1 - https:\/\/yoast.com\/wordpress\/plugins\/seo\/ -->\n<title>Bia\u0142owie\u017ca Forest - Fungi Extract Bank<\/title>\n<meta name=\"description\" content=\"The expressiveness and uniqueness of the natural area of Bia\u0142owie\u017ca Forest is reflected in the incredible richness of mycobiota\" \/>\n<meta name=\"robots\" content=\"index, follow, max-snippet:-1, max-image-preview:large, max-video-preview:-1\" \/>\n<link rel=\"canonical\" href=\"https:\/\/fungiextractbank.com\/en\/bialowieza-forest\/\" \/>\n<meta property=\"og:locale\" content=\"en_US\" \/>\n<meta property=\"og:type\" content=\"article\" \/>\n<meta property=\"og:title\" content=\"Bia\u0142owie\u017ca Forest - Fungi Extract Bank\" \/>\n<meta property=\"og:description\" content=\"The expressiveness and uniqueness of the natural area of Bia\u0142owie\u017ca Forest is reflected in the incredible richness of mycobiota\" \/>\n<meta property=\"og:url\" content=\"https:\/\/fungiextractbank.com\/en\/bialowieza-forest\/\" \/>\n<meta property=\"og:site_name\" content=\"Fungi Extract Bank\" \/>\n<meta property=\"article:modified_time\" content=\"2021-10-28T13:03:23+00:00\" \/>\n<meta name=\"twitter:card\" content=\"summary_large_image\" \/>\n<meta name=\"twitter:label1\" content=\"Est. reading time\" \/>\n\t<meta name=\"twitter:data1\" content=\"3 minutes\" \/>\n<script type=\"application\/ld+json\" class=\"yoast-schema-graph\">{\"@context\":\"https:\/\/schema.org\",\"@graph\":[{\"@type\":\"WebSite\",\"@id\":\"https:\/\/fungiextractbank.com\/en\/#website\",\"url\":\"https:\/\/fungiextractbank.com\/en\/\",\"name\":\"Fungi Extract Bank\",\"description\":\"\",\"potentialAction\":[{\"@type\":\"SearchAction\",\"target\":{\"@type\":\"EntryPoint\",\"urlTemplate\":\"https:\/\/fungiextractbank.com\/en\/?s={search_term_string}\"},\"query-input\":\"required name=search_term_string\"}],\"inLanguage\":\"en-US\"},{\"@type\":\"WebPage\",\"@id\":\"https:\/\/fungiextractbank.com\/en\/bialowieza-forest\/#webpage\",\"url\":\"https:\/\/fungiextractbank.com\/en\/bialowieza-forest\/\",\"name\":\"Bia\\u0142owie\\u017ca Forest - Fungi Extract Bank\",\"isPartOf\":{\"@id\":\"https:\/\/fungiextractbank.com\/en\/#website\"},\"datePublished\":\"2021-08-18T13:32:26+00:00\",\"dateModified\":\"2021-10-28T13:03:23+00:00\",\"description\":\"The expressiveness and uniqueness of the natural area of Bia\\u0142owie\\u017ca Forest is reflected in the incredible richness of mycobiota\",\"breadcrumb\":{\"@id\":\"https:\/\/fungiextractbank.com\/en\/bialowieza-forest\/#breadcrumb\"},\"inLanguage\":\"en-US\",\"potentialAction\":[{\"@type\":\"ReadAction\",\"target\":[\"https:\/\/fungiextractbank.com\/en\/bialowieza-forest\/\"]}]},{\"@type\":\"BreadcrumbList\",\"@id\":\"https:\/\/fungiextractbank.com\/en\/bialowieza-forest\/#breadcrumb\",\"itemListElement\":[{\"@type\":\"ListItem\",\"position\":1,\"name\":\"Home\",\"item\":\"https:\/\/fungiextractbank.com\/en\/\"},{\"@type\":\"ListItem\",\"position\":2,\"name\":\"Bia\\u0142owie\\u017ca Forest\"}]}]}<\/script>\n<!-- \/ Yoast SEO plugin. -->","yoast_head_json":{"title":"Bia\u0142owie\u017ca Forest - Fungi Extract Bank","description":"The expressiveness and uniqueness of the natural area of Bia\u0142owie\u017ca Forest is reflected in the incredible richness of mycobiota","robots":{"index":"index","follow":"follow","max-snippet":"max-snippet:-1","max-image-preview":"max-image-preview:large","max-video-preview":"max-video-preview:-1"},"canonical":"https:\/\/fungiextractbank.com\/en\/bialowieza-forest\/","og_locale":"en_US","og_type":"article","og_title":"Bia\u0142owie\u017ca Forest - Fungi Extract Bank","og_description":"The expressiveness and uniqueness of the natural area of Bia\u0142owie\u017ca Forest is reflected in the incredible richness of mycobiota","og_url":"https:\/\/fungiextractbank.com\/en\/bialowieza-forest\/","og_site_name":"Fungi Extract Bank","article_modified_time":"2021-10-28T13:03:23+00:00","twitter_card":"summary_large_image","twitter_misc":{"Est. reading time":"3 minutes"},"schema":{"@context":"https:\/\/schema.org","@graph":[{"@type":"WebSite","@id":"https:\/\/fungiextractbank.com\/en\/#website","url":"https:\/\/fungiextractbank.com\/en\/","name":"Fungi Extract Bank","description":"","potentialAction":[{"@type":"SearchAction","target":{"@type":"EntryPoint","urlTemplate":"https:\/\/fungiextractbank.com\/en\/?s={search_term_string}"},"query-input":"required name=search_term_string"}],"inLanguage":"en-US"},{"@type":"WebPage","@id":"https:\/\/fungiextractbank.com\/en\/bialowieza-forest\/#webpage","url":"https:\/\/fungiextractbank.com\/en\/bialowieza-forest\/","name":"Bia\u0142owie\u017ca Forest - Fungi Extract Bank","isPartOf":{"@id":"https:\/\/fungiextractbank.com\/en\/#website"},"datePublished":"2021-08-18T13:32:26+00:00","dateModified":"2021-10-28T13:03:23+00:00","description":"The expressiveness and uniqueness of the natural area of Bia\u0142owie\u017ca Forest is reflected in the incredible richness of mycobiota","breadcrumb":{"@id":"https:\/\/fungiextractbank.com\/en\/bialowieza-forest\/#breadcrumb"},"inLanguage":"en-US","potentialAction":[{"@type":"ReadAction","target":["https:\/\/fungiextractbank.com\/en\/bialowieza-forest\/"]}]},{"@type":"BreadcrumbList","@id":"https:\/\/fungiextractbank.com\/en\/bialowieza-forest\/#breadcrumb","itemListElement":[{"@type":"ListItem","position":1,"name":"Home","item":"https:\/\/fungiextractbank.com\/en\/"},{"@type":"ListItem","position":2,"name":"Bia\u0142owie\u017ca Forest"}]}]}},"_links":{"self":[{"href":"https:\/\/fungiextractbank.com\/en\/wp-json\/wp\/v2\/pages\/20"}],"collection":[{"href":"https:\/\/fungiextractbank.com\/en\/wp-json\/wp\/v2\/pages"}],"about":[{"href":"https:\/\/fungiextractbank.com\/en\/wp-json\/wp\/v2\/types\/page"}],"author":[{"embeddable":true,"href":"https:\/\/fungiextractbank.com\/en\/wp-json\/wp\/v2\/users\/2"}],"replies":[{"embeddable":true,"href":"https:\/\/fungiextractbank.com\/en\/wp-json\/wp\/v2\/comments?post=20"}],"version-history":[{"count":15,"href":"https:\/\/fungiextractbank.com\/en\/wp-json\/wp\/v2\/pages\/20\/revisions"}],"predecessor-version":[{"id":596,"href":"https:\/\/fungiextractbank.com\/en\/wp-json\/wp\/v2\/pages\/20\/revisions\/596"}],"wp:attachment":[{"href":"https:\/\/fungiextractbank.com\/en\/wp-json\/wp\/v2\/media?parent=20"}],"curies":[{"name":"wp","href":"https:\/\/api.w.org\/{rel}","templated":true}]}}